{"id":8,"date":"2021-06-10T14:53:22","date_gmt":"2021-06-10T17:53:22","guid":{"rendered":"http:\/\/localhost\/TemaClimatis_2021\/?page_id=8"},"modified":"2021-06-10T14:53:22","modified_gmt":"2021-06-10T17:53:22","slug":"home","status":"publish","type":"page","link":"https:\/\/www.climatis.com.br\/Blog\/","title":{"rendered":"Home"},"content":{"rendered":"\n<p>ESTA SER\u00c1 A PAGINA INICIAL DO BLOG<\/p>\n","protected":false},"excerpt":{"rendered":"<p>ESTA SER\u00c1 A PAGINA INICIAL DO BLOG<\/p>\n","protected":false},"author":1,"featured_media":0,"parent":0,"menu_order":0,"comment_status":"closed","ping_status":"closed","template":"","meta":{"_uag_custom_page_level_css":"","footnotes":""},"class_list":["post-8","page","type-page","status-publish","hentry"],"yoast_head":"<!-- This site is optimized with the Yoast SEO plugin v27.4 - https:\/\/yoast.com\/product\/yoast-seo-wordpress\/ -->\n<title>Home - Blog da Clim\u00e1tis Ar Condicionado e Refrigera\u00e7\u00e3o<\/title>\n<meta name=\"robots\" content=\"index, follow, max-snippet:-1, max-image-preview:large, max-video-preview:-1\" \/>\n<link rel=\"canonical\" href=\"https:\/\/www.climatis.com.br\/Blog\/\" \/>\n<meta property=\"og:locale\" content=\"pt_BR\" \/>\n<meta property=\"og:type\" content=\"article\" \/>\n<meta property=\"og:title\" content=\"Home - Blog da Clim\u00e1tis Ar Condicionado e Refrigera\u00e7\u00e3o\" \/>\n<meta property=\"og:description\" content=\"ESTA SER\u00c1 A PAGINA INICIAL DO BLOG\" \/>\n<meta property=\"og:url\" content=\"https:\/\/www.climatis.com.br\/Blog\/\" \/>\n<meta property=\"og:site_name\" content=\"Blog da Clim\u00e1tis Ar Condicionado e Refrigera\u00e7\u00e3o\" \/>\n<meta property=\"article:publisher\" content=\"https:\/\/www.facebook.com\/ClimatisArcondicionado\" \/>\n<meta name=\"twitter:card\" content=\"summary_large_image\" \/>\n<meta name=\"twitter:site\" content=\"@ArClimatis\" \/>\n<script type=\"application\/ld+json\" class=\"yoast-schema-graph\">{\"@context\":\"https:\\\/\\\/schema.org\",\"@graph\":[{\"@type\":\"WebPage\",\"@id\":\"https:\\\/\\\/www.climatis.com.br\\\/Blog\\\/\",\"url\":\"https:\\\/\\\/www.climatis.com.br\\\/Blog\\\/\",\"name\":\"Home - Blog da Clim\u00e1tis Ar Condicionado e Refrigera\u00e7\u00e3o\",\"isPartOf\":{\"@id\":\"https:\\\/\\\/www.climatis.com.br\\\/Blog\\\/#website\"},\"datePublished\":\"2021-06-10T17:53:22+00:00\",\"breadcrumb\":{\"@id\":\"https:\\\/\\\/www.climatis.com.br\\\/Blog\\\/#breadcrumb\"},\"inLanguage\":\"pt-BR\",\"potentialAction\":[{\"@type\":\"ReadAction\",\"target\":[\"https:\\\/\\\/www.climatis.com.br\\\/Blog\\\/\"]}]},{\"@type\":\"BreadcrumbList\",\"@id\":\"https:\\\/\\\/www.climatis.com.br\\\/Blog\\\/#breadcrumb\",\"itemListElement\":[{\"@type\":\"ListItem\",\"position\":1,\"name\":\"Home\",\"item\":\"https:\\\/\\\/www.climatis.com.br\\\/Blog\\\/\"},{\"@type\":\"ListItem\",\"position\":2,\"name\":\"Home\"}]},{\"@type\":\"WebSite\",\"@id\":\"https:\\\/\\\/www.climatis.com.br\\\/Blog\\\/#website\",\"url\":\"https:\\\/\\\/www.climatis.com.br\\\/Blog\\\/\",\"name\":\"Blog da Clim\u00e1tis Ar Condicionado e Refrigera\u00e7\u00e3o\",\"description\":\"Dicas e novidades sobre ar condicionado e refrigera\u00e7\u00e3o.\",\"publisher\":{\"@id\":\"https:\\\/\\\/www.climatis.com.br\\\/Blog\\\/#organization\"},\"potentialAction\":[{\"@type\":\"SearchAction\",\"target\":{\"@type\":\"EntryPoint\",\"urlTemplate\":\"https:\\\/\\\/www.climatis.com.br\\\/Blog\\\/?s={search_term_string}\"},\"query-input\":{\"@type\":\"PropertyValueSpecification\",\"valueRequired\":true,\"valueName\":\"search_term_string\"}}],\"inLanguage\":\"pt-BR\"},{\"@type\":\"Organization\",\"@id\":\"https:\\\/\\\/www.climatis.com.br\\\/Blog\\\/#organization\",\"name\":\"Clim\u00e1tis Ar Condicionado e Refrigera\u00e7\u00e3o\",\"url\":\"https:\\\/\\\/www.climatis.com.br\\\/Blog\\\/\",\"logo\":{\"@type\":\"ImageObject\",\"inLanguage\":\"pt-BR\",\"@id\":\"https:\\\/\\\/www.climatis.com.br\\\/Blog\\\/#\\\/schema\\\/logo\\\/image\\\/\",\"url\":\"http:\\\/\\\/localhost\\\/TemaClimatis_2021\\\/wp-content\\\/uploads\\\/2021\\\/06\\\/cropped-cropped-Logo-climatis-loja-GestaoClick.png\",\"contentUrl\":\"http:\\\/\\\/localhost\\\/TemaClimatis_2021\\\/wp-content\\\/uploads\\\/2021\\\/06\\\/cropped-cropped-Logo-climatis-loja-GestaoClick.png\",\"width\":409,\"height\":102,\"caption\":\"Clim\u00e1tis Ar Condicionado e Refrigera\u00e7\u00e3o\"},\"image\":{\"@id\":\"https:\\\/\\\/www.climatis.com.br\\\/Blog\\\/#\\\/schema\\\/logo\\\/image\\\/\"},\"sameAs\":[\"https:\\\/\\\/www.facebook.com\\\/ClimatisArcondicionado\",\"https:\\\/\\\/x.com\\\/ArClimatis\",\"https:\\\/\\\/www.instagram.com\\\/empresa_climatis\\\/\",\"https:\\\/\\\/www.linkedin.com\\\/company\\\/empresa-climatis\",\"https:\\\/\\\/www.youtube.com\\\/c\\\/Clim\u00e1tisClimatiza\u00e7\u00e3oeEnergiaSolarLtdaCuritiba\"]}]}<\/script>\n<!-- \/ Yoast SEO plugin. -->","yoast_head_json":{"title":"Home - Blog da Clim\u00e1tis Ar Condicionado e Refrigera\u00e7\u00e3o","robots":{"index":"index","follow":"follow","max-snippet":"max-snippet:-1","max-image-preview":"max-image-preview:large","max-video-preview":"max-video-preview:-1"},"canonical":"https:\/\/www.climatis.com.br\/Blog\/","og_locale":"pt_BR","og_type":"article","og_title":"Home - Blog da Clim\u00e1tis Ar Condicionado e Refrigera\u00e7\u00e3o","og_description":"ESTA SER\u00c1 A PAGINA INICIAL DO BLOG","og_url":"https:\/\/www.climatis.com.br\/Blog\/","og_site_name":"Blog da Clim\u00e1tis Ar Condicionado e Refrigera\u00e7\u00e3o","article_publisher":"https:\/\/www.facebook.com\/ClimatisArcondicionado","twitter_card":"summary_large_image","twitter_site":"@ArClimatis","schema":{"@context":"https:\/\/schema.org","@graph":[{"@type":"WebPage","@id":"https:\/\/www.climatis.com.br\/Blog\/","url":"https:\/\/www.climatis.com.br\/Blog\/","name":"Home - Blog da Clim\u00e1tis Ar Condicionado e Refrigera\u00e7\u00e3o","isPartOf":{"@id":"https:\/\/www.climatis.com.br\/Blog\/#website"},"datePublished":"2021-06-10T17:53:22+00:00","breadcrumb":{"@id":"https:\/\/www.climatis.com.br\/Blog\/#breadcrumb"},"inLanguage":"pt-BR","potentialAction":[{"@type":"ReadAction","target":["https:\/\/www.climatis.com.br\/Blog\/"]}]},{"@type":"BreadcrumbList","@id":"https:\/\/www.climatis.com.br\/Blog\/#breadcrumb","itemListElement":[{"@type":"ListItem","position":1,"name":"Home","item":"https:\/\/www.climatis.com.br\/Blog\/"},{"@type":"ListItem","position":2,"name":"Home"}]},{"@type":"WebSite","@id":"https:\/\/www.climatis.com.br\/Blog\/#website","url":"https:\/\/www.climatis.com.br\/Blog\/","name":"Blog da Clim\u00e1tis Ar Condicionado e Refrigera\u00e7\u00e3o","description":"Dicas e novidades sobre ar condicionado e refrigera\u00e7\u00e3o.","publisher":{"@id":"https:\/\/www.climatis.com.br\/Blog\/#organization"},"potentialAction":[{"@type":"SearchAction","target":{"@type":"EntryPoint","urlTemplate":"https:\/\/www.climatis.com.br\/Blog\/?s={search_term_string}"},"query-input":{"@type":"PropertyValueSpecification","valueRequired":true,"valueName":"search_term_string"}}],"inLanguage":"pt-BR"},{"@type":"Organization","@id":"https:\/\/www.climatis.com.br\/Blog\/#organization","name":"Clim\u00e1tis Ar Condicionado e Refrigera\u00e7\u00e3o","url":"https:\/\/www.climatis.com.br\/Blog\/","logo":{"@type":"ImageObject","inLanguage":"pt-BR","@id":"https:\/\/www.climatis.com.br\/Blog\/#\/schema\/logo\/image\/","url":"http:\/\/localhost\/TemaClimatis_2021\/wp-content\/uploads\/2021\/06\/cropped-cropped-Logo-climatis-loja-GestaoClick.png","contentUrl":"http:\/\/localhost\/TemaClimatis_2021\/wp-content\/uploads\/2021\/06\/cropped-cropped-Logo-climatis-loja-GestaoClick.png","width":409,"height":102,"caption":"Clim\u00e1tis Ar Condicionado e Refrigera\u00e7\u00e3o"},"image":{"@id":"https:\/\/www.climatis.com.br\/Blog\/#\/schema\/logo\/image\/"},"sameAs":["https:\/\/www.facebook.com\/ClimatisArcondicionado","https:\/\/x.com\/ArClimatis","https:\/\/www.instagram.com\/empresa_climatis\/","https:\/\/www.linkedin.com\/company\/empresa-climatis","https:\/\/www.youtube.com\/c\/Clim\u00e1tisClimatiza\u00e7\u00e3oeEnergiaSolarLtdaCuritiba"]}]}},"uagb_featured_image_src":{"full":false,"thumbnail":false,"medium":false,"medium_large":false,"large":false,"1536x1536":false,"2048x2048":false},"uagb_author_info":{"display_name":"Marcelo Zagonel Levek","author_link":"https:\/\/www.climatis.com.br\/Blog\/author\/marlevek\/"},"uagb_comment_info":0,"uagb_excerpt":"ESTA SER\u00c1 A PAGINA INICIAL DO BLOG","_links":{"self":[{"href":"https:\/\/www.climatis.com.br\/Blog\/wp-json\/wp\/v2\/pages\/8","targetHints":{"allow":["GET"]}}],"collection":[{"href":"https:\/\/www.climatis.com.br\/Blog\/wp-json\/wp\/v2\/pages"}],"about":[{"href":"https:\/\/www.climatis.com.br\/Blog\/wp-json\/wp\/v2\/types\/page"}],"author":[{"embeddable":true,"href":"https:\/\/www.climatis.com.br\/Blog\/wp-json\/wp\/v2\/users\/1"}],"replies":[{"embeddable":true,"href":"https:\/\/www.climatis.com.br\/Blog\/wp-json\/wp\/v2\/comments?post=8"}],"version-history":[{"count":1,"href":"https:\/\/www.climatis.com.br\/Blog\/wp-json\/wp\/v2\/pages\/8\/revisions"}],"predecessor-version":[{"id":9,"href":"https:\/\/www.climatis.com.br\/Blog\/wp-json\/wp\/v2\/pages\/8\/revisions\/9"}],"wp:attachment":[{"href":"https:\/\/www.climatis.com.br\/Blog\/wp-json\/wp\/v2\/media?parent=8"}],"curies":[{"name":"wp","href":"https:\/\/api.w.org\/{rel}","templated":true}]}}